{"id":9342,"date":"2022-03-22T20:18:29","date_gmt":"2022-03-22T20:18:29","guid":{"rendered":"http:\/\/lacomponella.com\/WordPress3\/?page_id=9342"},"modified":"2024-10-23T01:40:16","modified_gmt":"2024-10-23T01:40:16","slug":"jacoh-de-korrantoh","status":"publish","type":"page","link":"https:\/\/lacomponella.com\/WordPress3\/?page_id=9342","title":{"rendered":"JACOH De Korrantoh"},"content":{"rendered":"<h3 style=\"text-align: center;\">Reproduktor XOLO &#8211; Zwyci\u0119zca \u015awiata<\/h3>\n<h3 style=\"text-align: center;\"><span style=\"color: #800080;\"><strong>JACOH de Korrantoh &#8211; nasz duma!!!<\/strong><\/span><\/h3>\n<h1 style=\"text-align: center;\">ZWYCI\u0118ZCA \u015aWIATA 2015<\/h1>\n<h6><span style=\"color: #000080;\"><strong>Wystawy:<br \/>\n<span style=\"color: #ff00ff;\">M\u0142odzie\u017cowy Zwyci\u0119zca \u015awiata 2015!!<\/span><br \/>\n<\/strong><\/span><span style=\"color: #000000;\"><strong>M\u0142odzie\u017cowy Champion Polski<br \/>\nrozp.Interchamponat<br \/>\nChampion Polski<\/strong><\/span><br \/>\n<span style=\"color: #000080;\"><strong>zawsze\u00a0doskona\u0142y lokata 1<\/strong><\/span><br \/>\n<span style=\"color: #000080;\"><strong>3x Zwyci\u0119zca M\u0142odzie\u017cy<\/strong><\/span><br \/>\n<span style=\"color: #000080;\"><strong>3x Najlepszy Junior w Rasie<\/strong><\/span><br \/>\n<span style=\"color: #000080;\"><strong>12x Zwyci\u0119zca Rasy<\/strong><\/span><br \/>\n<span style=\"color: #000080;\"><strong>1x Zwyci\u0119zca Grupy 5 III<br \/>\n2x CAC<br \/>\n5x CACIB<br \/>\n11x Najlepszy Doros\u0142y Pies<\/strong><\/span><\/h6>\n<h6 style=\"text-align: left;\"><strong>Zdrowie:<\/strong><br \/>\n<strong>Serce (doppler) \u2013 serce zdrowe, brak cech kardiomiopatii rozstrzeniowej\u00a0(DCM), brak przeciwwskaza\u0144 ze strony kardiologicznej do rozrodu<br \/>\nHD A\/A (brak dysplazji biodrowej)<br \/>\nED 0\/0 (brak dysplazji \u0142okciowej)<br \/>\nzgryz prawid\u0142owy, uz\u0119bienie\u00a0bardzo liczne<br \/>\n32 cm<br \/>\n6 kilogram\u00f3w (bardzo mocna budowa cia\u0142a)<\/strong><\/h6>\n<h6 style=\"text-align: center;\"><span style=\"color: #0000ff;\"><strong>*********** ********** *********<br \/>\n<\/strong><span style=\"color: #ff0000;\">Jacoh jest ojcem 21 miot\u00f3w!!<br \/>\n<\/span><br \/>\n<\/span><span style=\"color: #0000ff;\">1.miot (Czechy)- 4\u00a0szczeni\u0119ta<\/span><br \/>\n<span style=\"color: #0000ff;\"> 2.miot &#8222;B&#8221; La Componella &#8211; 2\u00a0szczeni\u0119ta<\/span><br \/>\n<span style=\"color: #0000ff;\"> 3.miot &#8211; Norwegia &#8211; 2\u00a0szczeni\u0119ta<\/span><br \/>\n<span style=\"color: #0000ff;\"> 4.miot &#8222;D&#8221; La Componella\u00a0 &#8211; 7\u00a0szczeni\u0105t<\/span><br \/>\n<span style=\"color: #0000ff;\"> 5.miot &#8222;E&#8221; La Componella &#8211; 4\u00a0szczeni\u0119ta<br \/>\n6.miot &#8222;J&#8221; La Componella\u00a0 &#8211; 6 szczeni\u0105t<br \/>\n7.miot &#8222;L&#8221; La Componella &#8211; 6 szczeni\u0105t<br \/>\n8.miot &#8222;S&#8221; La Componella &#8211; 4 szczeni\u0119ta<br \/>\n9.miot &#8222;Z&#8221; La Componella &#8211; 2 szczeni\u0119ta<br \/>\n10.miot &#8222;A&#8221; La Componella &#8211; 6 szczeni\u0105t<br \/>\n11. miot &#8222;C&#8221; La Componella &#8211;\u00a06 szczeni\u0105t<br \/>\n<strong>12.miot &#8222;M&#8221; La Componella &#8211; 7 szczeni\u0105t<br \/>\n13.miot &#8222;N&#8221; La Componella &#8211; 6 szczeni\u0105t<br \/>\n14.miot- W\u0119gry 2 szczeni\u0119ta<br \/>\n15.miot &#8222;O&#8221; La Componella &#8211; 4 szczeni\u0119ta<br \/>\n16.miot &#8222;C&#8221; La Componella &#8211; 5 szczeni\u0105t<br \/>\n17.miot w hodowli Redtone FCI &#8211; 4 szczeni\u0119ta<br \/>\n18.miot &#8222;G&#8221; La Componella &#8211; 5 szczeni\u0105t<br \/>\n19.miot &#8222;J&#8221; La Componella &#8211; 8 szczeni\u0105t<br \/>\n20.miot &#8222;H&#8221; La Componella &#8211; 2 szczeni\u0119ta<br \/>\n21. miot &#8222;Y&#8221; La Componella &#8211; 1 szczeni\u0119<\/strong><\/span><\/h6>\n<h6 style=\"text-align: left;\">ojciec- Mc&#8217;Roc LION&#8217;S HEART<br \/>\nmatka &#8211; CACAUAXOCHITL de Xoconochco<\/h6>\n<p><img fetchpriority=\"high\" decoding=\"async\" class=\"aligncenter size-full wp-image-9021\" src=\"http:\/\/lacomponella.com\/WordPress3\/wp-content\/uploads\/2022\/01\/IMG_4646.jpg\" alt=\"\" width=\"2400\" height=\"1600\" srcset=\"https:\/\/lacomponella.com\/WordPress3\/wp-content\/uploads\/2022\/01\/IMG_4646.jpg 2400w, https:\/\/lacomponella.com\/WordPress3\/wp-content\/uploads\/2022\/01\/IMG_4646-300x200.jpg 300w, https:\/\/lacomponella.com\/WordPress3\/wp-content\/uploads\/2022\/01\/IMG_4646-768x512.jpg 768w, https:\/\/lacomponella.com\/WordPress3\/wp-content\/uploads\/2022\/01\/IMG_4646-1024x683.jpg 1024w\" sizes=\"(max-width: 2400px) 100vw, 2400px\" \/><br \/>\n<img decoding=\"async\" class=\"aligncenter size-full wp-image-7409\" src=\"http:\/\/lacomponella.com\/WordPress3\/wp-content\/uploads\/2020\/01\/ww-moj-ww.jpg\" alt=\"\" width=\"642\" height=\"960\" srcset=\"https:\/\/lacomponella.com\/WordPress3\/wp-content\/uploads\/2020\/01\/ww-moj-ww.jpg 642w, https:\/\/lacomponella.com\/WordPress3\/wp-content\/uploads\/2020\/01\/ww-moj-ww-201x300.jpg 201w\" sizes=\"(max-width: 642px) 100vw, 642px\" \/><\/p>\n<p><img decoding=\"async\" class=\"size-full wp-image-7417\" src=\"http:\/\/lacomponella.com\/WordPress3\/wp-content\/uploads\/2020\/01\/P8120005.jpg\" alt=\"\" width=\"557\" height=\"420\" srcset=\"https:\/\/lacomponella.com\/WordPress3\/wp-content\/uploads\/2020\/01\/P8120005.jpg 557w, https:\/\/lacomponella.com\/WordPress3\/wp-content\/uploads\/2020\/01\/P8120005-300x226.jpg 300w\" sizes=\"(max-width: 557px) 100vw, 557px\" \/><\/p>\n<p><img loading=\"lazy\" decoding=\"async\" class=\"size-full wp-image-7415\" src=\"http:\/\/lacomponella.com\/WordPress3\/wp-content\/uploads\/2020\/01\/P8120002.jpg\" alt=\"\" width=\"703\" height=\"587\" srcset=\"https:\/\/lacomponella.com\/WordPress3\/wp-content\/uploads\/2020\/01\/P8120002.jpg 703w, https:\/\/lacomponella.com\/WordPress3\/wp-content\/uploads\/2020\/01\/P8120002-300x250.jpg 300w\" sizes=\"(max-width: 703px) 100vw, 703px\" \/><\/p>\n<h6 style=\"text-align: left;\"><img loading=\"lazy\" decoding=\"async\" class=\"aligncenter size-full wp-image-7413\" src=\"http:\/\/lacomponella.com\/WordPress3\/wp-content\/uploads\/2020\/01\/P1050075.jpg\" alt=\"\" width=\"640\" height=\"480\" srcset=\"https:\/\/lacomponella.com\/WordPress3\/wp-content\/uploads\/2020\/01\/P1050075.jpg 640w, https:\/\/lacomponella.com\/WordPress3\/wp-content\/uploads\/2020\/01\/P1050075-300x225.jpg 300w\" sizes=\"(max-width: 640px) 100vw, 640px\" \/><\/h6>\n<p><img loading=\"lazy\" decoding=\"async\" class=\"size-full wp-image-7414\" src=\"http:\/\/lacomponella.com\/WordPress3\/wp-content\/uploads\/2020\/01\/P8120001.jpg\" alt=\"\" width=\"570\" height=\"454\" srcset=\"https:\/\/lacomponella.com\/WordPress3\/wp-content\/uploads\/2020\/01\/P8120001.jpg 570w, https:\/\/lacomponella.com\/WordPress3\/wp-content\/uploads\/2020\/01\/P8120001-300x239.jpg 300w\" sizes=\"(max-width: 570px) 100vw, 570px\" \/><\/p>\n<h6 style=\"text-align: left;\"><img loading=\"lazy\" decoding=\"async\" class=\"aligncenter size-full wp-image-7412\" src=\"http:\/\/lacomponella.com\/WordPress3\/wp-content\/uploads\/2020\/01\/P1050069.jpg\" alt=\"\" width=\"640\" height=\"480\" srcset=\"https:\/\/lacomponella.com\/WordPress3\/wp-content\/uploads\/2020\/01\/P1050069.jpg 640w, https:\/\/lacomponella.com\/WordPress3\/wp-content\/uploads\/2020\/01\/P1050069-300x225.jpg 300w\" sizes=\"(max-width: 640px) 100vw, 640px\" \/> <img loading=\"lazy\" decoding=\"async\" class=\"aligncenter size-full wp-image-7411\" src=\"http:\/\/lacomponella.com\/WordPress3\/wp-content\/uploads\/2020\/01\/P1050060.jpg\" alt=\"\" width=\"440\" height=\"341\" srcset=\"https:\/\/lacomponella.com\/WordPress3\/wp-content\/uploads\/2020\/01\/P1050060.jpg 440w, https:\/\/lacomponella.com\/WordPress3\/wp-content\/uploads\/2020\/01\/P1050060-300x233.jpg 300w\" sizes=\"(max-width: 440px) 100vw, 440px\" \/><\/h6>\n<p><img loading=\"lazy\" decoding=\"async\" class=\"size-full wp-image-7410\" src=\"http:\/\/lacomponella.com\/WordPress3\/wp-content\/uploads\/2020\/01\/Emi06.jpg\" alt=\"\" width=\"691\" height=\"551\" srcset=\"https:\/\/lacomponella.com\/WordPress3\/wp-content\/uploads\/2020\/01\/Emi06.jpg 691w, https:\/\/lacomponella.com\/WordPress3\/wp-content\/uploads\/2020\/01\/Emi06-300x239.jpg 300w\" sizes=\"(max-width: 691px) 100vw, 691px\" \/><\/p>\n<h6 style=\"text-align: left;\">*******************<\/h6>\n","protected":false},"excerpt":{"rendered":"<p>Reproduktor XOLO &#8211; Zwyci\u0119zca \u015awiata JACOH de Korrantoh &#8211; nasz duma!!! ZWYCI\u0118ZCA \u015aWIATA 2015 Wystawy: M\u0142odzie\u017cowy Zwyci\u0119zca \u015awiata 2015!! M\u0142odzie\u017cowy Champion Polski rozp.Interchamponat Champion Polski zawsze\u00a0doskona\u0142y lokata 1 3x Zwyci\u0119zca M\u0142odzie\u017cy 3x Najlepszy Junior w Rasie 12x Zwyci\u0119zca Rasy 1x Zwyci\u0119zca Grupy 5 III 2x CAC 5x CACIB 11x Najlepszy Doros\u0142y Pies Zdrowie: Serce (doppler) [&hellip;]<\/p>\n","protected":false},"author":1,"featured_media":0,"parent":0,"menu_order":0,"comment_status":"closed","ping_status":"closed","template":"","meta":{"footnotes":""},"class_list":["post-9342","page","type-page","status-publish","hentry"],"yoast_head":"<!-- This site is optimized with the Yoast SEO plugin v27.4 - https:\/\/yoast.com\/product\/yoast-seo-wordpress\/ -->\n<title>JACOH De Korrantoh - La Componella FCI<\/title>\n<meta name=\"robots\" content=\"index, follow, max-snippet:-1, max-image-preview:large, max-video-preview:-1\" \/>\n<link rel=\"canonical\" href=\"https:\/\/lacomponella.com\/WordPress3\/?page_id=9342\" \/>\n<meta property=\"og:locale\" content=\"pl_PL\" \/>\n<meta property=\"og:type\" content=\"article\" \/>\n<meta property=\"og:title\" content=\"JACOH De Korrantoh - La Componella FCI\" \/>\n<meta property=\"og:description\" content=\"Reproduktor XOLO &#8211; Zwyci\u0119zca \u015awiata JACOH de Korrantoh &#8211; nasz duma!!! ZWYCI\u0118ZCA \u015aWIATA 2015 Wystawy: M\u0142odzie\u017cowy Zwyci\u0119zca \u015awiata 2015!! M\u0142odzie\u017cowy Champion Polski rozp.Interchamponat Champion Polski zawsze\u00a0doskona\u0142y lokata 1 3x Zwyci\u0119zca M\u0142odzie\u017cy 3x Najlepszy Junior w Rasie 12x Zwyci\u0119zca Rasy 1x Zwyci\u0119zca Grupy 5 III 2x CAC 5x CACIB 11x Najlepszy Doros\u0142y Pies Zdrowie: Serce (doppler) [&hellip;]\" \/>\n<meta property=\"og:url\" content=\"https:\/\/lacomponella.com\/WordPress3\/?page_id=9342\" \/>\n<meta property=\"og:site_name\" content=\"La Componella FCI\" \/>\n<meta property=\"article:modified_time\" content=\"2024-10-23T01:40:16+00:00\" \/>\n<meta property=\"og:image\" content=\"https:\/\/lacomponella.com\/WordPress3\/wp-content\/uploads\/2022\/01\/IMG_4646.jpg\" \/>\n\t<meta property=\"og:image:width\" content=\"2400\" \/>\n\t<meta property=\"og:image:height\" content=\"1600\" \/>\n\t<meta property=\"og:image:type\" content=\"image\/jpeg\" \/>\n<meta name=\"twitter:card\" content=\"summary_large_image\" \/>\n<meta name=\"twitter:label1\" content=\"Szacowany czas czytania\" \/>\n\t<meta name=\"twitter:data1\" content=\"1 minuta\" \/>\n<script type=\"application\/ld+json\" class=\"yoast-schema-graph\">{\"@context\":\"https:\\\/\\\/schema.org\",\"@graph\":[{\"@type\":\"WebPage\",\"@id\":\"https:\\\/\\\/lacomponella.com\\\/WordPress3\\\/?page_id=9342\",\"url\":\"https:\\\/\\\/lacomponella.com\\\/WordPress3\\\/?page_id=9342\",\"name\":\"JACOH De Korrantoh - La Componella FCI\",\"isPartOf\":{\"@id\":\"https:\\\/\\\/lacomponella.com\\\/WordPress3\\\/#website\"},\"primaryImageOfPage\":{\"@id\":\"https:\\\/\\\/lacomponella.com\\\/WordPress3\\\/?page_id=9342#primaryimage\"},\"image\":{\"@id\":\"https:\\\/\\\/lacomponella.com\\\/WordPress3\\\/?page_id=9342#primaryimage\"},\"thumbnailUrl\":\"http:\\\/\\\/lacomponella.com\\\/WordPress3\\\/wp-content\\\/uploads\\\/2022\\\/01\\\/IMG_4646.jpg\",\"datePublished\":\"2022-03-22T20:18:29+00:00\",\"dateModified\":\"2024-10-23T01:40:16+00:00\",\"breadcrumb\":{\"@id\":\"https:\\\/\\\/lacomponella.com\\\/WordPress3\\\/?page_id=9342#breadcrumb\"},\"inLanguage\":\"pl-PL\",\"potentialAction\":[{\"@type\":\"ReadAction\",\"target\":[\"https:\\\/\\\/lacomponella.com\\\/WordPress3\\\/?page_id=9342\"]}]},{\"@type\":\"ImageObject\",\"inLanguage\":\"pl-PL\",\"@id\":\"https:\\\/\\\/lacomponella.com\\\/WordPress3\\\/?page_id=9342#primaryimage\",\"url\":\"https:\\\/\\\/lacomponella.com\\\/WordPress3\\\/wp-content\\\/uploads\\\/2022\\\/01\\\/IMG_4646.jpg\",\"contentUrl\":\"https:\\\/\\\/lacomponella.com\\\/WordPress3\\\/wp-content\\\/uploads\\\/2022\\\/01\\\/IMG_4646.jpg\",\"width\":2400,\"height\":1600},{\"@type\":\"BreadcrumbList\",\"@id\":\"https:\\\/\\\/lacomponella.com\\\/WordPress3\\\/?page_id=9342#breadcrumb\",\"itemListElement\":[{\"@type\":\"ListItem\",\"position\":1,\"name\":\"Strona g\u0142\u00f3wna\",\"item\":\"https:\\\/\\\/lacomponella.com\\\/WordPress3\\\/?page_id=4991\"},{\"@type\":\"ListItem\",\"position\":2,\"name\":\"JACOH De Korrantoh\"}]},{\"@type\":\"WebSite\",\"@id\":\"https:\\\/\\\/lacomponella.com\\\/WordPress3\\\/#website\",\"url\":\"https:\\\/\\\/lacomponella.com\\\/WordPress3\\\/\",\"name\":\"La Componella FCI\",\"description\":\"Hodowla Dog Niemiecki, Xolo i Owczarek Belgijski\",\"potentialAction\":[{\"@type\":\"SearchAction\",\"target\":{\"@type\":\"EntryPoint\",\"urlTemplate\":\"https:\\\/\\\/lacomponella.com\\\/WordPress3\\\/?s={search_term_string}\"},\"query-input\":{\"@type\":\"PropertyValueSpecification\",\"valueRequired\":true,\"valueName\":\"search_term_string\"}}],\"inLanguage\":\"pl-PL\"}]}<\/script>\n<!-- \/ Yoast SEO plugin. -->","yoast_head_json":{"title":"JACOH De Korrantoh - La Componella FCI","robots":{"index":"index","follow":"follow","max-snippet":"max-snippet:-1","max-image-preview":"max-image-preview:large","max-video-preview":"max-video-preview:-1"},"canonical":"https:\/\/lacomponella.com\/WordPress3\/?page_id=9342","og_locale":"pl_PL","og_type":"article","og_title":"JACOH De Korrantoh - La Componella FCI","og_description":"Reproduktor XOLO &#8211; Zwyci\u0119zca \u015awiata JACOH de Korrantoh &#8211; nasz duma!!! ZWYCI\u0118ZCA \u015aWIATA 2015 Wystawy: M\u0142odzie\u017cowy Zwyci\u0119zca \u015awiata 2015!! M\u0142odzie\u017cowy Champion Polski rozp.Interchamponat Champion Polski zawsze\u00a0doskona\u0142y lokata 1 3x Zwyci\u0119zca M\u0142odzie\u017cy 3x Najlepszy Junior w Rasie 12x Zwyci\u0119zca Rasy 1x Zwyci\u0119zca Grupy 5 III 2x CAC 5x CACIB 11x Najlepszy Doros\u0142y Pies Zdrowie: Serce (doppler) [&hellip;]","og_url":"https:\/\/lacomponella.com\/WordPress3\/?page_id=9342","og_site_name":"La Componella FCI","article_modified_time":"2024-10-23T01:40:16+00:00","og_image":[{"width":2400,"height":1600,"url":"https:\/\/lacomponella.com\/WordPress3\/wp-content\/uploads\/2022\/01\/IMG_4646.jpg","type":"image\/jpeg"}],"twitter_card":"summary_large_image","twitter_misc":{"Szacowany czas czytania":"1 minuta"},"schema":{"@context":"https:\/\/schema.org","@graph":[{"@type":"WebPage","@id":"https:\/\/lacomponella.com\/WordPress3\/?page_id=9342","url":"https:\/\/lacomponella.com\/WordPress3\/?page_id=9342","name":"JACOH De Korrantoh - La Componella FCI","isPartOf":{"@id":"https:\/\/lacomponella.com\/WordPress3\/#website"},"primaryImageOfPage":{"@id":"https:\/\/lacomponella.com\/WordPress3\/?page_id=9342#primaryimage"},"image":{"@id":"https:\/\/lacomponella.com\/WordPress3\/?page_id=9342#primaryimage"},"thumbnailUrl":"http:\/\/lacomponella.com\/WordPress3\/wp-content\/uploads\/2022\/01\/IMG_4646.jpg","datePublished":"2022-03-22T20:18:29+00:00","dateModified":"2024-10-23T01:40:16+00:00","breadcrumb":{"@id":"https:\/\/lacomponella.com\/WordPress3\/?page_id=9342#breadcrumb"},"inLanguage":"pl-PL","potentialAction":[{"@type":"ReadAction","target":["https:\/\/lacomponella.com\/WordPress3\/?page_id=9342"]}]},{"@type":"ImageObject","inLanguage":"pl-PL","@id":"https:\/\/lacomponella.com\/WordPress3\/?page_id=9342#primaryimage","url":"https:\/\/lacomponella.com\/WordPress3\/wp-content\/uploads\/2022\/01\/IMG_4646.jpg","contentUrl":"https:\/\/lacomponella.com\/WordPress3\/wp-content\/uploads\/2022\/01\/IMG_4646.jpg","width":2400,"height":1600},{"@type":"BreadcrumbList","@id":"https:\/\/lacomponella.com\/WordPress3\/?page_id=9342#breadcrumb","itemListElement":[{"@type":"ListItem","position":1,"name":"Strona g\u0142\u00f3wna","item":"https:\/\/lacomponella.com\/WordPress3\/?page_id=4991"},{"@type":"ListItem","position":2,"name":"JACOH De Korrantoh"}]},{"@type":"WebSite","@id":"https:\/\/lacomponella.com\/WordPress3\/#website","url":"https:\/\/lacomponella.com\/WordPress3\/","name":"La Componella FCI","description":"Hodowla Dog Niemiecki, Xolo i Owczarek Belgijski","potentialAction":[{"@type":"SearchAction","target":{"@type":"EntryPoint","urlTemplate":"https:\/\/lacomponella.com\/WordPress3\/?s={search_term_string}"},"query-input":{"@type":"PropertyValueSpecification","valueRequired":true,"valueName":"search_term_string"}}],"inLanguage":"pl-PL"}]}},"_links":{"self":[{"href":"https:\/\/lacomponella.com\/WordPress3\/index.php?rest_route=\/wp\/v2\/pages\/9342","targetHints":{"allow":["GET"]}}],"collection":[{"href":"https:\/\/lacomponella.com\/WordPress3\/index.php?rest_route=\/wp\/v2\/pages"}],"about":[{"href":"https:\/\/lacomponella.com\/WordPress3\/index.php?rest_route=\/wp\/v2\/types\/page"}],"author":[{"embeddable":true,"href":"https:\/\/lacomponella.com\/WordPress3\/index.php?rest_route=\/wp\/v2\/users\/1"}],"replies":[{"embeddable":true,"href":"https:\/\/lacomponella.com\/WordPress3\/index.php?rest_route=%2Fwp%2Fv2%2Fcomments&post=9342"}],"version-history":[{"count":5,"href":"https:\/\/lacomponella.com\/WordPress3\/index.php?rest_route=\/wp\/v2\/pages\/9342\/revisions"}],"predecessor-version":[{"id":11951,"href":"https:\/\/lacomponella.com\/WordPress3\/index.php?rest_route=\/wp\/v2\/pages\/9342\/revisions\/11951"}],"wp:attachment":[{"href":"https:\/\/lacomponella.com\/WordPress3\/index.php?rest_route=%2Fwp%2Fv2%2Fmedia&parent=9342"}],"curies":[{"name":"wp","href":"https:\/\/api.w.org\/{rel}","templated":true}]}}