{"id":9700,"date":"2022-04-28T07:42:21","date_gmt":"2022-04-28T07:42:21","guid":{"rendered":"http:\/\/lacomponella.com\/WordPress3\/?page_id=9700"},"modified":"2024-10-23T08:31:20","modified_gmt":"2024-10-23T08:31:20","slug":"victor-valdes-du-chemin-des-sorcieres","status":"publish","type":"page","link":"https:\/\/lacomponella.com\/WordPress3\/?page_id=9700","title":{"rendered":"VICTOR VALDES du Chemin des Sorci\u00e9res"},"content":{"rendered":"<h6 style=\"text-align: center;\"><span style=\"color: #0000ff;\">Reproduktor Owczarek Belgijski Groenendael<\/span><br \/><span style=\"color: #0000ff;\">Nasza wielka duma i moja najwi\u0119ksza mi\u0142o\u015b\u0107:))<\/span><\/h6>\n<h6 style=\"text-align: center;\"><span style=\"color: #0000ff;\">Zwyci\u0119zca Klubu + Zwyci\u0119zca Rasy na Wystawie Klubowej 2019<br \/><\/span><span style=\"color: #0000ff;\">Zwyci\u0119zca Klubu + Zwyci\u0119zca Rasy na Wystawie Klubowej 2023<br \/>Zwyci\u0119zca Klubu 2024<br \/><\/span><span style=\"color: #0000ff;\">Najlepszy Reproduktor w Rasie w roku 2020<br \/><\/span><span style=\"color: #0000ff;\">Najlepszy Reproduktor w Rasie w roku 2021<br \/><\/span><span style=\"color: #0000ff;\">Najlepszy Reproduktor w Rasie w roku 2022<br \/><\/span><span style=\"color: #0000ff;\">Najlepszy Reproduktor w Rasie w roku 2023<br \/>Najlepszy Reproduktor w Rasie w roku 2024<\/span><\/h6>\n<h5 style=\"text-align: center;\"><strong><span style=\"color: #ff0000;\">VICTOR VALDES\u00a0du Chemin des Sorci\u00e9res<\/span><\/strong><br \/><span style=\"color: #800080;\">Import\u00a0z W\u0119gier<\/span><br \/><span style=\"color: #800080;\">Francuskie psy w rodowodzie<\/span><br \/><span style=\"color: #800080;\">MultiChampion<\/span><\/h5>\n<p><strong><span style=\"color: #000080;\">ur.03.11.2016<\/span><\/strong><\/p>\n<p><span style=\"color: #993366;\"><strong>Zdrowie:<\/strong><\/span><br \/><span style=\"color: #993366;\"><strong>-HD A\/A<\/strong><\/span><br \/><span style=\"color: #993366;\"><strong>-ED 0\/0<\/strong><\/span><br \/><span style=\"color: #993366;\"><strong>-SDCA1 N\/N (wolny od ataxii), wszystkie jego dzieci s\u0105 wolne niezale\u017cnie od wyniku matki<\/strong><\/span><br \/><span style=\"color: #993366;\"><strong>-SDCA2 N\/N (wolny od ataxii),\u00a0wszystkie jego dzieci s\u0105 wolne niezale\u017cnie od wyniku matki<br \/><\/strong><\/span><span style=\"color: #993366;\"><strong>-Cardiomyopathy with Juvenile Mortality, CJM N\/N (wolny od kardiomiopatii),\u00a0wszystkie jego dzieci s\u0105 wolne niezale\u017cnie od wyniku matki<br \/>-aktualne badanie nasienia (2023) z wynikiem idealnym<br \/>-aktualne badanie serca z wynikiem &#8211; zdrowy, bez wad serca<br \/>-zamro\u017cone nasienie<\/strong><\/span><\/p>\n<p><strong><span style=\"color: #000080;\"><span style=\"color: #ff6600;\">Ojciec bardzo udanych miot\u00f3w, Victor mocno przekazuje sw\u00f3j typ<\/span><br \/>Mioty:<\/span><\/strong><br \/><strong><span style=\"color: #000080;\">1. Miot &#8222;A&#8221; w hodowli Akademia Pana Jacka (10 szczeni\u0105t)<\/span><\/strong><br \/><strong><span style=\"color: #000080;\">2. Miot &#8222;D&#8221; w naszej hodowli (9 szczeni\u0105t)<\/span><\/strong><br \/><strong><span style=\"color: #000080;\">3. Miot &#8222;E&#8221; w naszej hodowli (5 szczeni\u0105t<\/span><\/strong>)<br \/><span style=\"color: #000080;\"><strong>4. Miot\u00a0 &#8222;F&#8221; w naszej hodowli (4 szczeni\u0119ta)<\/strong><\/span><br \/><span style=\"color: #000080;\"><strong>5. Miot &#8222;I&#8221; w naszej hodowli (2 szczeni\u0119ta)<\/strong><\/span><br \/><span style=\"color: #000080;\"><strong>6. Miot &#8222;Q&#8221; w hodowli Tux On (7 szczeni\u0105t)<br \/>7. Miot &#8222;K&#8221; w hodowli Arystokracja (5 szczeni\u0105t)<br \/>8. Miot &#8222;L&#8221; w naszej hodowli (5 szczeni\u0105t)<br \/>9. Miot &#8222;R&#8221; w naszej hodowli (9 szczeni\u0105t)<br \/>10. Miot &#8222;T&#8221; w naszej hodowli (10 szczeni\u0105t)<br \/>11. Miot w hodowli GingerJack (9 szczeni\u0105t)<br \/>12. Miot &#8222;W&#8221; w naszej hodowli (5 szczeni\u0105t)<br \/>13. Miot &#8222;B&#8221; naszej hodowli (3 szczeni\u0119ta)<br \/>14. Miot &#8222;D&#8221; w naszej hodowli (4 szczeni\u0119ta)<br \/>15. Miot &#8222;F&#8221; w naszej hodowli (8 szczeni\u0105t)<br \/>16. Miot w hodowli Misty Dog FCI (5 szczeni\u0105t)<br \/>17. <\/strong><\/span><span style=\"color: #000080;\"><strong>Miot &#8222;K&#8221; w naszej hodowli &#8211; 8 szczeni\u0105t<br \/>18. Miot &#8222;L&#8221; w naszej hodowli &#8211; 9 szczeni\u0105t<br \/>19. Miot &#8222;M&#8221; w naszej hodowli &#8211; 6 szczeni\u0105t<br \/>20. Miot &#8222;U&#8221; w naszej hodowli &#8211; 6 szczeni\u0105t<br \/>21. Miot &#8222;R&#8221; w hodowli Misty Dog &#8211; 2 szczeni\u0119ta<br \/>22. Miot &#8222;A&#8221; w naszej hodowli &#8211; 7 szczeni\u0105t<br \/>23. Miot &#8222;N&#8221; w naszej hodowli &#8211; 3 szczeni\u0119ta<br \/>24. Miot &#8222;O&#8221; w naszej hodowli &#8211; 7 szczeni\u0105t<br \/>25. Miot w hodowli Wolf Luck FCI &#8211; 6 szczeni\u0105t <br \/>26. Miot &#8222;R&#8221; w naszej hodowli &#8211; 5 szczeni\u0105t<br \/><\/strong><\/span><\/p>\n<p><img fetchpriority=\"high\" decoding=\"async\" class=\"aligncenter size-full wp-image-7269\" src=\"http:\/\/lacomponella.com\/WordPress3\/wp-content\/uploads\/2019\/12\/IMG_0827.jpg\" alt=\"\" width=\"1945\" height=\"3207\" srcset=\"https:\/\/lacomponella.com\/WordPress3\/wp-content\/uploads\/2019\/12\/IMG_0827.jpg 1945w, https:\/\/lacomponella.com\/WordPress3\/wp-content\/uploads\/2019\/12\/IMG_0827-182x300.jpg 182w, https:\/\/lacomponella.com\/WordPress3\/wp-content\/uploads\/2019\/12\/IMG_0827-768x1266.jpg 768w, https:\/\/lacomponella.com\/WordPress3\/wp-content\/uploads\/2019\/12\/IMG_0827-621x1024.jpg 621w\" sizes=\"(max-width: 1945px) 100vw, 1945px\" \/><\/p>\n<p><a href=\"http:\/\/lacomponella.com\/WordPress3\/wp-content\/uploads\/2015\/12\/46480148_503149040193818_7559069263307210752_n1.jpg\"><img decoding=\"async\" class=\"aligncenter size-full wp-image-5271\" src=\"http:\/\/lacomponella.com\/WordPress3\/wp-content\/uploads\/2015\/12\/46480148_503149040193818_7559069263307210752_n1.jpg\" alt=\"46480148_503149040193818_7559069263307210752_n\" width=\"2561\" height=\"2205\" srcset=\"https:\/\/lacomponella.com\/WordPress3\/wp-content\/uploads\/2015\/12\/46480148_503149040193818_7559069263307210752_n1.jpg 2561w, https:\/\/lacomponella.com\/WordPress3\/wp-content\/uploads\/2015\/12\/46480148_503149040193818_7559069263307210752_n1-300x258.jpg 300w, https:\/\/lacomponella.com\/WordPress3\/wp-content\/uploads\/2015\/12\/46480148_503149040193818_7559069263307210752_n1-1024x882.jpg 1024w\" sizes=\"(max-width: 2561px) 100vw, 2561px\" \/><\/a><br \/><img decoding=\"async\" class=\"aligncenter size-full wp-image-7270\" src=\"http:\/\/lacomponella.com\/WordPress3\/wp-content\/uploads\/2019\/12\/IMG_0849.jpg\" alt=\"\" width=\"4840\" height=\"3565\" srcset=\"https:\/\/lacomponella.com\/WordPress3\/wp-content\/uploads\/2019\/12\/IMG_0849.jpg 4840w, https:\/\/lacomponella.com\/WordPress3\/wp-content\/uploads\/2019\/12\/IMG_0849-300x221.jpg 300w, https:\/\/lacomponella.com\/WordPress3\/wp-content\/uploads\/2019\/12\/IMG_0849-768x566.jpg 768w, https:\/\/lacomponella.com\/WordPress3\/wp-content\/uploads\/2019\/12\/IMG_0849-1024x754.jpg 1024w\" sizes=\"(max-width: 4840px) 100vw, 4840px\" \/><img loading=\"lazy\" decoding=\"async\" class=\"aligncenter size-full wp-image-7273\" src=\"http:\/\/lacomponella.com\/WordPress3\/wp-content\/uploads\/2019\/12\/Dyplom1.jpg\" alt=\"\" width=\"2048\" height=\"1462\" srcset=\"https:\/\/lacomponella.com\/WordPress3\/wp-content\/uploads\/2019\/12\/Dyplom1.jpg 2048w, https:\/\/lacomponella.com\/WordPress3\/wp-content\/uploads\/2019\/12\/Dyplom1-300x214.jpg 300w, https:\/\/lacomponella.com\/WordPress3\/wp-content\/uploads\/2019\/12\/Dyplom1-768x548.jpg 768w, https:\/\/lacomponella.com\/WordPress3\/wp-content\/uploads\/2019\/12\/Dyplom1-1024x731.jpg 1024w\" sizes=\"(max-width: 2048px) 100vw, 2048px\" \/><br \/><a href=\"http:\/\/lacomponella.com\/WordPress3\/wp-content\/uploads\/2015\/12\/VICTOR-VALDES-Chemin-du-Sorcieres1.jpg\"><img loading=\"lazy\" decoding=\"async\" class=\"aligncenter size-full wp-image-5272\" src=\"http:\/\/lacomponella.com\/WordPress3\/wp-content\/uploads\/2015\/12\/VICTOR-VALDES-Chemin-du-Sorcieres1.jpg\" alt=\"VICTOR VALDES Chemin du Sorcieres\" width=\"2326\" height=\"2103\" srcset=\"https:\/\/lacomponella.com\/WordPress3\/wp-content\/uploads\/2015\/12\/VICTOR-VALDES-Chemin-du-Sorcieres1.jpg 2326w, https:\/\/lacomponella.com\/WordPress3\/wp-content\/uploads\/2015\/12\/VICTOR-VALDES-Chemin-du-Sorcieres1-300x271.jpg 300w, https:\/\/lacomponella.com\/WordPress3\/wp-content\/uploads\/2015\/12\/VICTOR-VALDES-Chemin-du-Sorcieres1-1024x926.jpg 1024w\" sizes=\"(max-width: 2326px) 100vw, 2326px\" \/><\/a><\/p>\n<p><a href=\"http:\/\/lacomponella.com\/WordPress3\/wp-content\/uploads\/2015\/12\/40062081_456142561566321_5189074092824723456_n.jpg\"><img loading=\"lazy\" decoding=\"async\" class=\"aligncenter size-full wp-image-5188\" src=\"http:\/\/lacomponella.com\/WordPress3\/wp-content\/uploads\/2015\/12\/40062081_456142561566321_5189074092824723456_n.jpg\" alt=\"40062081_456142561566321_5189074092824723456_n\" width=\"3640\" height=\"2730\" srcset=\"https:\/\/lacomponella.com\/WordPress3\/wp-content\/uploads\/2015\/12\/40062081_456142561566321_5189074092824723456_n.jpg 3640w, https:\/\/lacomponella.com\/WordPress3\/wp-content\/uploads\/2015\/12\/40062081_456142561566321_5189074092824723456_n-300x225.jpg 300w, https:\/\/lacomponella.com\/WordPress3\/wp-content\/uploads\/2015\/12\/40062081_456142561566321_5189074092824723456_n-1024x768.jpg 1024w\" sizes=\"(max-width: 3640px) 100vw, 3640px\" \/><\/a><\/p>\n<p><a href=\"http:\/\/lacomponella.com\/WordPress3\/wp-content\/uploads\/2015\/12\/Victor-rodood.jpg\"><img loading=\"lazy\" decoding=\"async\" class=\"aligncenter size-full wp-image-5187\" src=\"http:\/\/lacomponella.com\/WordPress3\/wp-content\/uploads\/2015\/12\/Victor-rodood.jpg\" alt=\"Victor rodood\" width=\"2409\" height=\"3436\" srcset=\"https:\/\/lacomponella.com\/WordPress3\/wp-content\/uploads\/2015\/12\/Victor-rodood.jpg 2409w, https:\/\/lacomponella.com\/WordPress3\/wp-content\/uploads\/2015\/12\/Victor-rodood-210x300.jpg 210w, https:\/\/lacomponella.com\/WordPress3\/wp-content\/uploads\/2015\/12\/Victor-rodood-718x1024.jpg 718w\" sizes=\"(max-width: 2409px) 100vw, 2409px\" \/><\/a><\/p>\n<p>Rodzice:<br \/>m.HONEY DREAM des Gardiens de Cocagne<br \/>o.QASH du Chemin des Sorci\u00e9res<\/p>\n<p><a href=\"http:\/\/lacomponella.com\/WordPress3\/wp-content\/uploads\/2015\/12\/14947622_1496331817049754_8223717604694822672_n.jpg\"><img loading=\"lazy\" decoding=\"async\" class=\"aligncenter size-full wp-image-3350\" src=\"http:\/\/lacomponella.com\/WordPress3\/wp-content\/uploads\/2015\/12\/14947622_1496331817049754_8223717604694822672_n.jpg\" alt=\"14947622_1496331817049754_8223717604694822672_n\" width=\"800\" height=\"628\" srcset=\"https:\/\/lacomponella.com\/WordPress3\/wp-content\/uploads\/2015\/12\/14947622_1496331817049754_8223717604694822672_n.jpg 800w, https:\/\/lacomponella.com\/WordPress3\/wp-content\/uploads\/2015\/12\/14947622_1496331817049754_8223717604694822672_n-300x236.jpg 300w\" sizes=\"(max-width: 800px) 100vw, 800px\" \/><\/a><\/p>\n\n\n<p><\/p>\n","protected":false},"excerpt":{"rendered":"<p>Reproduktor Owczarek Belgijski GroenendaelNasza wielka duma i moja najwi\u0119ksza mi\u0142o\u015b\u0107:)) Zwyci\u0119zca Klubu + Zwyci\u0119zca Rasy na Wystawie Klubowej 2019Zwyci\u0119zca Klubu + Zwyci\u0119zca Rasy na Wystawie Klubowej 2023Zwyci\u0119zca Klubu 2024Najlepszy Reproduktor w Rasie w roku 2020Najlepszy Reproduktor w Rasie w roku 2021Najlepszy Reproduktor w Rasie w roku 2022Najlepszy Reproduktor w Rasie w roku 2023Najlepszy Reproduktor w [&hellip;]<\/p>\n","protected":false},"author":1,"featured_media":0,"parent":0,"menu_order":0,"comment_status":"closed","ping_status":"closed","template":"","meta":{"footnotes":""},"class_list":["post-9700","page","type-page","status-publish","hentry"],"yoast_head":"<!-- This site is optimized with the Yoast SEO plugin v27.4 - https:\/\/yoast.com\/product\/yoast-seo-wordpress\/ -->\n<title>VICTOR VALDES du Chemin des Sorci\u00e9res - La Componella FCI<\/title>\n<meta name=\"robots\" content=\"index, follow, max-snippet:-1, max-image-preview:large, max-video-preview:-1\" \/>\n<link rel=\"canonical\" href=\"https:\/\/lacomponella.com\/WordPress3\/?page_id=9700\" \/>\n<meta property=\"og:locale\" content=\"pl_PL\" \/>\n<meta property=\"og:type\" content=\"article\" \/>\n<meta property=\"og:title\" content=\"VICTOR VALDES du Chemin des Sorci\u00e9res - La Componella FCI\" \/>\n<meta property=\"og:description\" content=\"Reproduktor Owczarek Belgijski GroenendaelNasza wielka duma i moja najwi\u0119ksza mi\u0142o\u015b\u0107:)) Zwyci\u0119zca Klubu + Zwyci\u0119zca Rasy na Wystawie Klubowej 2019Zwyci\u0119zca Klubu + Zwyci\u0119zca Rasy na Wystawie Klubowej 2023Zwyci\u0119zca Klubu 2024Najlepszy Reproduktor w Rasie w roku 2020Najlepszy Reproduktor w Rasie w roku 2021Najlepszy Reproduktor w Rasie w roku 2022Najlepszy Reproduktor w Rasie w roku 2023Najlepszy Reproduktor w [&hellip;]\" \/>\n<meta property=\"og:url\" content=\"https:\/\/lacomponella.com\/WordPress3\/?page_id=9700\" \/>\n<meta property=\"og:site_name\" content=\"La Componella FCI\" \/>\n<meta property=\"article:modified_time\" content=\"2024-10-23T08:31:20+00:00\" \/>\n<meta property=\"og:image\" content=\"https:\/\/lacomponella.com\/WordPress3\/wp-content\/uploads\/2019\/12\/IMG_0827.jpg\" \/>\n\t<meta property=\"og:image:width\" content=\"1945\" \/>\n\t<meta property=\"og:image:height\" content=\"3207\" \/>\n\t<meta property=\"og:image:type\" content=\"image\/jpeg\" \/>\n<meta name=\"twitter:card\" content=\"summary_large_image\" \/>\n<meta name=\"twitter:label1\" content=\"Szacowany czas czytania\" \/>\n\t<meta name=\"twitter:data1\" content=\"2 minuty\" \/>\n<script type=\"application\/ld+json\" class=\"yoast-schema-graph\">{\"@context\":\"https:\\\/\\\/schema.org\",\"@graph\":[{\"@type\":\"WebPage\",\"@id\":\"https:\\\/\\\/lacomponella.com\\\/WordPress3\\\/?page_id=9700\",\"url\":\"https:\\\/\\\/lacomponella.com\\\/WordPress3\\\/?page_id=9700\",\"name\":\"VICTOR VALDES du Chemin des Sorci\u00e9res - La Componella FCI\",\"isPartOf\":{\"@id\":\"https:\\\/\\\/lacomponella.com\\\/WordPress3\\\/#website\"},\"primaryImageOfPage\":{\"@id\":\"https:\\\/\\\/lacomponella.com\\\/WordPress3\\\/?page_id=9700#primaryimage\"},\"image\":{\"@id\":\"https:\\\/\\\/lacomponella.com\\\/WordPress3\\\/?page_id=9700#primaryimage\"},\"thumbnailUrl\":\"http:\\\/\\\/lacomponella.com\\\/WordPress3\\\/wp-content\\\/uploads\\\/2019\\\/12\\\/IMG_0827.jpg\",\"datePublished\":\"2022-04-28T07:42:21+00:00\",\"dateModified\":\"2024-10-23T08:31:20+00:00\",\"breadcrumb\":{\"@id\":\"https:\\\/\\\/lacomponella.com\\\/WordPress3\\\/?page_id=9700#breadcrumb\"},\"inLanguage\":\"pl-PL\",\"potentialAction\":[{\"@type\":\"ReadAction\",\"target\":[\"https:\\\/\\\/lacomponella.com\\\/WordPress3\\\/?page_id=9700\"]}]},{\"@type\":\"ImageObject\",\"inLanguage\":\"pl-PL\",\"@id\":\"https:\\\/\\\/lacomponella.com\\\/WordPress3\\\/?page_id=9700#primaryimage\",\"url\":\"https:\\\/\\\/lacomponella.com\\\/WordPress3\\\/wp-content\\\/uploads\\\/2019\\\/12\\\/IMG_0827.jpg\",\"contentUrl\":\"https:\\\/\\\/lacomponella.com\\\/WordPress3\\\/wp-content\\\/uploads\\\/2019\\\/12\\\/IMG_0827.jpg\",\"width\":1945,\"height\":3207},{\"@type\":\"BreadcrumbList\",\"@id\":\"https:\\\/\\\/lacomponella.com\\\/WordPress3\\\/?page_id=9700#breadcrumb\",\"itemListElement\":[{\"@type\":\"ListItem\",\"position\":1,\"name\":\"Strona g\u0142\u00f3wna\",\"item\":\"https:\\\/\\\/lacomponella.com\\\/WordPress3\\\/?page_id=4991\"},{\"@type\":\"ListItem\",\"position\":2,\"name\":\"VICTOR VALDES du Chemin des Sorci\u00e9res\"}]},{\"@type\":\"WebSite\",\"@id\":\"https:\\\/\\\/lacomponella.com\\\/WordPress3\\\/#website\",\"url\":\"https:\\\/\\\/lacomponella.com\\\/WordPress3\\\/\",\"name\":\"La Componella FCI\",\"description\":\"Hodowla Dog Niemiecki, Xolo i Owczarek Belgijski\",\"potentialAction\":[{\"@type\":\"SearchAction\",\"target\":{\"@type\":\"EntryPoint\",\"urlTemplate\":\"https:\\\/\\\/lacomponella.com\\\/WordPress3\\\/?s={search_term_string}\"},\"query-input\":{\"@type\":\"PropertyValueSpecification\",\"valueRequired\":true,\"valueName\":\"search_term_string\"}}],\"inLanguage\":\"pl-PL\"}]}<\/script>\n<!-- \/ Yoast SEO plugin. -->","yoast_head_json":{"title":"VICTOR VALDES du Chemin des Sorci\u00e9res - La Componella FCI","robots":{"index":"index","follow":"follow","max-snippet":"max-snippet:-1","max-image-preview":"max-image-preview:large","max-video-preview":"max-video-preview:-1"},"canonical":"https:\/\/lacomponella.com\/WordPress3\/?page_id=9700","og_locale":"pl_PL","og_type":"article","og_title":"VICTOR VALDES du Chemin des Sorci\u00e9res - La Componella FCI","og_description":"Reproduktor Owczarek Belgijski GroenendaelNasza wielka duma i moja najwi\u0119ksza mi\u0142o\u015b\u0107:)) Zwyci\u0119zca Klubu + Zwyci\u0119zca Rasy na Wystawie Klubowej 2019Zwyci\u0119zca Klubu + Zwyci\u0119zca Rasy na Wystawie Klubowej 2023Zwyci\u0119zca Klubu 2024Najlepszy Reproduktor w Rasie w roku 2020Najlepszy Reproduktor w Rasie w roku 2021Najlepszy Reproduktor w Rasie w roku 2022Najlepszy Reproduktor w Rasie w roku 2023Najlepszy Reproduktor w [&hellip;]","og_url":"https:\/\/lacomponella.com\/WordPress3\/?page_id=9700","og_site_name":"La Componella FCI","article_modified_time":"2024-10-23T08:31:20+00:00","og_image":[{"width":1945,"height":3207,"url":"https:\/\/lacomponella.com\/WordPress3\/wp-content\/uploads\/2019\/12\/IMG_0827.jpg","type":"image\/jpeg"}],"twitter_card":"summary_large_image","twitter_misc":{"Szacowany czas czytania":"2 minuty"},"schema":{"@context":"https:\/\/schema.org","@graph":[{"@type":"WebPage","@id":"https:\/\/lacomponella.com\/WordPress3\/?page_id=9700","url":"https:\/\/lacomponella.com\/WordPress3\/?page_id=9700","name":"VICTOR VALDES du Chemin des Sorci\u00e9res - La Componella FCI","isPartOf":{"@id":"https:\/\/lacomponella.com\/WordPress3\/#website"},"primaryImageOfPage":{"@id":"https:\/\/lacomponella.com\/WordPress3\/?page_id=9700#primaryimage"},"image":{"@id":"https:\/\/lacomponella.com\/WordPress3\/?page_id=9700#primaryimage"},"thumbnailUrl":"http:\/\/lacomponella.com\/WordPress3\/wp-content\/uploads\/2019\/12\/IMG_0827.jpg","datePublished":"2022-04-28T07:42:21+00:00","dateModified":"2024-10-23T08:31:20+00:00","breadcrumb":{"@id":"https:\/\/lacomponella.com\/WordPress3\/?page_id=9700#breadcrumb"},"inLanguage":"pl-PL","potentialAction":[{"@type":"ReadAction","target":["https:\/\/lacomponella.com\/WordPress3\/?page_id=9700"]}]},{"@type":"ImageObject","inLanguage":"pl-PL","@id":"https:\/\/lacomponella.com\/WordPress3\/?page_id=9700#primaryimage","url":"https:\/\/lacomponella.com\/WordPress3\/wp-content\/uploads\/2019\/12\/IMG_0827.jpg","contentUrl":"https:\/\/lacomponella.com\/WordPress3\/wp-content\/uploads\/2019\/12\/IMG_0827.jpg","width":1945,"height":3207},{"@type":"BreadcrumbList","@id":"https:\/\/lacomponella.com\/WordPress3\/?page_id=9700#breadcrumb","itemListElement":[{"@type":"ListItem","position":1,"name":"Strona g\u0142\u00f3wna","item":"https:\/\/lacomponella.com\/WordPress3\/?page_id=4991"},{"@type":"ListItem","position":2,"name":"VICTOR VALDES du Chemin des Sorci\u00e9res"}]},{"@type":"WebSite","@id":"https:\/\/lacomponella.com\/WordPress3\/#website","url":"https:\/\/lacomponella.com\/WordPress3\/","name":"La Componella FCI","description":"Hodowla Dog Niemiecki, Xolo i Owczarek Belgijski","potentialAction":[{"@type":"SearchAction","target":{"@type":"EntryPoint","urlTemplate":"https:\/\/lacomponella.com\/WordPress3\/?s={search_term_string}"},"query-input":{"@type":"PropertyValueSpecification","valueRequired":true,"valueName":"search_term_string"}}],"inLanguage":"pl-PL"}]}},"_links":{"self":[{"href":"https:\/\/lacomponella.com\/WordPress3\/index.php?rest_route=\/wp\/v2\/pages\/9700","targetHints":{"allow":["GET"]}}],"collection":[{"href":"https:\/\/lacomponella.com\/WordPress3\/index.php?rest_route=\/wp\/v2\/pages"}],"about":[{"href":"https:\/\/lacomponella.com\/WordPress3\/index.php?rest_route=\/wp\/v2\/types\/page"}],"author":[{"embeddable":true,"href":"https:\/\/lacomponella.com\/WordPress3\/index.php?rest_route=\/wp\/v2\/users\/1"}],"replies":[{"embeddable":true,"href":"https:\/\/lacomponella.com\/WordPress3\/index.php?rest_route=%2Fwp%2Fv2%2Fcomments&post=9700"}],"version-history":[{"count":10,"href":"https:\/\/lacomponella.com\/WordPress3\/index.php?rest_route=\/wp\/v2\/pages\/9700\/revisions"}],"predecessor-version":[{"id":11975,"href":"https:\/\/lacomponella.com\/WordPress3\/index.php?rest_route=\/wp\/v2\/pages\/9700\/revisions\/11975"}],"wp:attachment":[{"href":"https:\/\/lacomponella.com\/WordPress3\/index.php?rest_route=%2Fwp%2Fv2%2Fmedia&parent=9700"}],"curies":[{"name":"wp","href":"https:\/\/api.w.org\/{rel}","templated":true}]}}